{"id":2631,"date":"2025-01-21T08:26:16","date_gmt":"2025-01-21T08:26:16","guid":{"rendered":"https:\/\/www.traslochiroger.it\/servizio-interior"},"modified":"2025-01-22T16:50:28","modified_gmt":"2025-01-22T16:50:28","slug":"interior-service","status":"publish","type":"page","link":"https:\/\/www.traslochiroger.it\/de\/interior-service","title":{"rendered":"Interior-Service"},"content":{"rendered":"<p><div class=\"fusion-fullwidth fullwidth-box fusion-builder-row-1 fusion-flex-container has-pattern-background has-mask-background nonhundred-percent-fullwidth non-hundred-percent-height-scrolling\" style=\"--awb-border-radius-top-left:0px;--awb-border-radius-top-right:0px;--awb-border-radius-bottom-right:0px;--awb-border-radius-bottom-left:0px;--awb-padding-top:50px;--awb-flex-wrap:wrap;\" ><div class=\"fusion-builder-row fusion-row fusion-flex-align-items-flex-start fusion-flex-justify-content-center fusion-flex-content-wrap\" style=\"max-width:1508px;margin-left: calc(-4% \/ 2 );margin-right: calc(-4% \/ 2 );\"><div class=\"fusion-layout-column fusion_builder_column fusion-builder-column-0 fusion_builder_column_2_3 2_3 fusion-flex-column txt-giusitficato-centrale\" style=\"--awb-bg-size:cover;--awb-width-large:66.666666666667%;--awb-margin-top-large:0px;--awb-spacing-right-large:2.88%;--awb-margin-bottom-large:20px;--awb-spacing-left-large:2.88%;--awb-width-medium:100%;--awb-order-medium:0;--awb-spacing-right-medium:1.92%;--awb-spacing-left-medium:1.92%;--awb-width-small:100%;--awb-order-small:0;--awb-spacing-right-small:1.92%;--awb-spacing-left-small:1.92%;\" data-scroll-devices=\"small-visibility,medium-visibility,large-visibility\"><div class=\"fusion-column-wrapper fusion-column-has-shadow fusion-flex-justify-content-flex-start fusion-content-layout-column\"><div class=\"fusion-text fusion-text-1\"><p style=\"text-align: center;\"><strong>Roger\u2019s: Die Kunst, R\u00e4ume zu Verwandeln, trifft auf Interior Design<\/strong><\/p>\n<p style=\"text-align: center;\">Roger\u2019s verwandelt Ver\u00e4nderung in Emotion: nicht nur perfekte Umz\u00fcge, sondern auch exklusive Innenraumgestaltung und M\u00f6bel, die von dir erz\u00e4hlen.<\/p>\n<p style=\"text-align: center;\">In unserem Showroom in Pineta di Laives kreieren erfahrene Interior Designer einzigartige und ma\u00dfgeschneiderte R\u00e4ume, die deine Geschichte widerspiegeln.<\/p>\n<p style=\"text-align: center;\">Individuelle L\u00f6sungen, anspruchsvolle M\u00f6bel und ein Rundum-Service \u2013 vom Entwurf bis zur Montage \u2013 mit einem nachhaltigen Ansatz.<\/p>\n<p style=\"text-align: center;\"><strong>Vertraue Roger\u2019s: Wir verwandeln jeden Raum in einen Ort, der bewegt und zeigt, wer du bist.<\/strong><\/p>\n<p style=\"text-align: center;\">Roger\u2019s ist nicht nur ein Partner, sondern ein Verb\u00fcndeter, der dein Zuhause in eine stilvolle und funktionale Oase verwandelt und jedes Detail zu einem einzigartigen Erlebnis macht.<\/p>\n<\/div><\/div><\/div><\/div><\/div><div class=\"fusion-fullwidth fullwidth-box fusion-builder-row-2 fusion-flex-container has-pattern-background has-mask-background servizi-cont nonhundred-percent-fullwidth non-hundred-percent-height-scrolling\" style=\"--awb-border-radius-top-left:0px;--awb-border-radius-top-right:0px;--awb-border-radius-bottom-right:0px;--awb-border-radius-bottom-left:0px;--awb-flex-wrap:wrap;\" ><div class=\"fusion-builder-row fusion-row fusion-flex-align-items-flex-start fusion-flex-content-wrap\" style=\"max-width:1508px;margin-left: calc(-4% \/ 2 );margin-right: calc(-4% \/ 2 );\"><div class=\"fusion-layout-column fusion_builder_column fusion-builder-column-1 fusion_builder_column_1_1 1_1 fusion-flex-column\" style=\"--awb-bg-size:cover;--awb-width-large:100%;--awb-margin-top-large:0px;--awb-spacing-right-large:1.92%;--awb-margin-bottom-large:20px;--awb-spacing-left-large:1.92%;--awb-width-medium:100%;--awb-order-medium:0;--awb-spacing-right-medium:1.92%;--awb-spacing-left-medium:1.92%;--awb-width-small:100%;--awb-order-small:0;--awb-spacing-right-small:1.92%;--awb-spacing-left-small:1.92%;\"><div class=\"fusion-column-wrapper fusion-column-has-shadow fusion-flex-justify-content-flex-start fusion-content-layout-column\"><div class=\"fusion-blog-shortcode fusion-blog-shortcode-1 fusion-blog-archive fusion-blog-layout-grid-wrapper fusion-blog-infinite fusion-blog-layout-center\" style=\"--grid_separator_color:rgba(224,222,222,0);\"><style type=\"text\/css\">.fusion-blog-shortcode-1 .fusion-blog-layout-grid .fusion-post-grid{padding:20px;}.fusion-blog-shortcode-1 .fusion-posts-container{margin-left: -20px !important; margin-right:-20px !important;}<\/style><div class=\"fusion-posts-container fusion-posts-container-infinite fusion-no-meta-info fusion-blog-rollover fusion-blog-layout-grid fusion-blog-layout-grid-3 isotope\" data-pages=\"1\" data-grid-col-space=\"40\" style=\"margin: -20px -20px 0;min-height:500px;\"><article id=\"blog-1-post-2566\" class=\"fusion-post-grid post-2566 post type-post status-publish format-standard has-post-thumbnail hentry category-vendita-arredi-de\">\n<div class=\"fusion-post-wrapper\" style=\"background-color:rgba(255,255,255,0);border:none;\">\n\n\t\t\t<div class=\"fusion-flexslider flexslider fusion-flexslider-loading fusion-post-slideshow\" style=\"border-color:rgba(235,234,234,0);\">\n\t\t<ul class=\"slides\">\n\t\t\t\n\t\t\t\t\t\t\t\t\t\t\t\t\t\t<li><div  class=\"fusion-image-wrapper\" aria-haspopup=\"true\">\n\t\t\t\t<img decoding=\"async\" width=\"2560\" height=\"1440\" src=\"https:\/\/www.traslochiroger.it\/wp-content\/uploads\/cucina-moderna-bolzano-arredamento-merano-bressanone-laives-rogers-interior-design.jpg\" class=\"attachment-full size-full wp-post-image\" alt=\"\" srcset=\"https:\/\/www.traslochiroger.it\/wp-content\/uploads\/cucina-moderna-bolzano-arredamento-merano-bressanone-laives-rogers-interior-design-200x113.jpg 200w, https:\/\/www.traslochiroger.it\/wp-content\/uploads\/cucina-moderna-bolzano-arredamento-merano-bressanone-laives-rogers-interior-design-400x225.jpg 400w, https:\/\/www.traslochiroger.it\/wp-content\/uploads\/cucina-moderna-bolzano-arredamento-merano-bressanone-laives-rogers-interior-design-600x338.jpg 600w, https:\/\/www.traslochiroger.it\/wp-content\/uploads\/cucina-moderna-bolzano-arredamento-merano-bressanone-laives-rogers-interior-design-800x450.jpg 800w, https:\/\/www.traslochiroger.it\/wp-content\/uploads\/cucina-moderna-bolzano-arredamento-merano-bressanone-laives-rogers-interior-design-1200x675.jpg 1200w, https:\/\/www.traslochiroger.it\/wp-content\/uploads\/cucina-moderna-bolzano-arredamento-merano-bressanone-laives-rogers-interior-design.jpg 2560w\" sizes=\"(min-width: 2200px) 100vw, (min-width: 784px) 457px, (min-width: 712px) 685px, (min-width: 640px) 712px, \" \/><div class=\"fusion-rollover\">\n\t<div class=\"fusion-rollover-content\">\n\n\t\t\t\t\t\t\t\t\t\t\t\t\t\t<a class=\"fusion-rollover-link\" href=\"https:\/\/www.traslochiroger.it\/de\/kuche\">K\u00fcche<\/a>\n\t\t\t\n\t\t\t\t\t\t\t\t\t\t\t\t\t\t\n\t\t\t\t\t\t\t\t\n\t\t\t\t\t\t\t\t\t\t\t\t\t<div class=\"fusion-rollover-sep\"><\/div>\n\t\t\t\t\n\t\t\t\t\t\t\t\t\t\t\t\t\t\t\t\t\t\t<a class=\"fusion-rollover-gallery\" href=\"https:\/\/www.traslochiroger.it\/wp-content\/uploads\/cucina-moderna-bolzano-arredamento-merano-bressanone-laives-rogers-interior-design.jpg\" data-id=\"2566\" data-rel=\"iLightbox[gallery]\" data-title=\"cucina-moderna-bolzano-arredamento-merano-bressanone-laives-rogers-interior-design\" data-caption=\"\">\n\t\t\t\t\t\tGallery\t\t\t\t\t<\/a>\n\t\t\t\t\t\t\t\t\t\t\t\t\t\t\n\t\t\n\t\t\t\t\t\t\t\t\t\t\t\t<h4 class=\"fusion-rollover-title\">\n\t\t\t\t\t<a class=\"fusion-rollover-title-link\" href=\"https:\/\/www.traslochiroger.it\/de\/kuche\">\n\t\t\t\t\t\tK\u00fcche\t\t\t\t\t<\/a>\n\t\t\t\t<\/h4>\n\t\t\t\n\t\t\t\t\t\t\t\t\t\t<div class=\"fusion-rollover-categories\"><a href=\"https:\/\/www.traslochiroger.it\/de\/category\/vendita-arredi-de\" rel=\"tag\">Vendita arredi DE<\/a><\/div>\t\t\t\t\t\n\t\t\n\t\t\t\t\t\t<a class=\"fusion-link-wrapper\" href=\"https:\/\/www.traslochiroger.it\/de\/kuche\" aria-label=\"K\u00fcche\"><\/a>\n\t<\/div>\n<\/div>\n<\/div>\n<\/li>\n\t\t\t\n\t\t\t\n\t\t\t\t\t\t\t\t\t\t\t\t\t\t\t\t\t\t\t\t\t\t\t\t\t\t\t\t\t\t\t\t\t\t\t\t\t\t\t\t\t\t\t\t\t\t\t\t\t\t\t\t\t\t\t\t\t\t\t\t\t\t\t\t\t\t\t\t<\/ul>\n\t<\/div>\n\t<div class=\"fusion-post-content-wrapper\" style=\"padding:30px 25px 20px 25px;\"><div class=\"fusion-post-content post-content\"><h5 class=\"blog-shortcode-post-title entry-title\"><a href=\"https:\/\/www.traslochiroger.it\/de\/kuche\">K\u00fcche<\/a><\/h5><div class=\"fusion-post-content-container\"><\/div><\/div><\/div><div class=\"fusion-clearfix\"><\/div><\/div>\n<\/article>\n<article id=\"blog-1-post-2552\" class=\"fusion-post-grid post-2552 post type-post status-publish format-standard has-post-thumbnail hentry category-vendita-arredi-de\">\n<div class=\"fusion-post-wrapper\" style=\"background-color:rgba(255,255,255,0);border:none;\">\n\n\t\t\t<div class=\"fusion-flexslider flexslider fusion-flexslider-loading fusion-post-slideshow\" style=\"border-color:rgba(235,234,234,0);\">\n\t\t<ul class=\"slides\">\n\t\t\t\n\t\t\t\t\t\t\t\t\t\t\t\t\t\t<li><div  class=\"fusion-image-wrapper\" aria-haspopup=\"true\">\n\t\t\t\t<img decoding=\"async\" width=\"2560\" height=\"1440\" src=\"https:\/\/www.traslochiroger.it\/wp-content\/uploads\/salotti-bolzano-soggiorni-moderni-merano-bressanone-laives-rogers-interior-design.jpg\" class=\"attachment-full size-full wp-post-image\" alt=\"\" srcset=\"https:\/\/www.traslochiroger.it\/wp-content\/uploads\/salotti-bolzano-soggiorni-moderni-merano-bressanone-laives-rogers-interior-design-200x113.jpg 200w, https:\/\/www.traslochiroger.it\/wp-content\/uploads\/salotti-bolzano-soggiorni-moderni-merano-bressanone-laives-rogers-interior-design-400x225.jpg 400w, https:\/\/www.traslochiroger.it\/wp-content\/uploads\/salotti-bolzano-soggiorni-moderni-merano-bressanone-laives-rogers-interior-design-600x338.jpg 600w, https:\/\/www.traslochiroger.it\/wp-content\/uploads\/salotti-bolzano-soggiorni-moderni-merano-bressanone-laives-rogers-interior-design-800x450.jpg 800w, https:\/\/www.traslochiroger.it\/wp-content\/uploads\/salotti-bolzano-soggiorni-moderni-merano-bressanone-laives-rogers-interior-design-1200x675.jpg 1200w, https:\/\/www.traslochiroger.it\/wp-content\/uploads\/salotti-bolzano-soggiorni-moderni-merano-bressanone-laives-rogers-interior-design.jpg 2560w\" sizes=\"(min-width: 2200px) 100vw, (min-width: 784px) 457px, (min-width: 712px) 685px, (min-width: 640px) 712px, \" \/><div class=\"fusion-rollover\">\n\t<div class=\"fusion-rollover-content\">\n\n\t\t\t\t\t\t\t\t\t\t\t\t\t\t<a class=\"fusion-rollover-link\" href=\"https:\/\/www.traslochiroger.it\/de\/wohnzimmer\">Wohnzimmer<\/a>\n\t\t\t\n\t\t\t\t\t\t\t\t\t\t\t\t\t\t\n\t\t\t\t\t\t\t\t\n\t\t\t\t\t\t\t\t\t\t\t\t\t<div class=\"fusion-rollover-sep\"><\/div>\n\t\t\t\t\n\t\t\t\t\t\t\t\t\t\t\t\t\t\t\t\t\t\t<a class=\"fusion-rollover-gallery\" href=\"https:\/\/www.traslochiroger.it\/wp-content\/uploads\/salotti-bolzano-soggiorni-moderni-merano-bressanone-laives-rogers-interior-design.jpg\" data-id=\"2552\" data-rel=\"iLightbox[gallery]\" data-title=\"salotti-bolzano-soggiorni-moderni-merano-bressanone-laives-rogers-interior-design\" data-caption=\"\">\n\t\t\t\t\t\tGallery\t\t\t\t\t<\/a>\n\t\t\t\t\t\t\t\t\t\t\t\t\t\t\n\t\t\n\t\t\t\t\t\t\t\t\t\t\t\t<h4 class=\"fusion-rollover-title\">\n\t\t\t\t\t<a class=\"fusion-rollover-title-link\" href=\"https:\/\/www.traslochiroger.it\/de\/wohnzimmer\">\n\t\t\t\t\t\tWohnzimmer\t\t\t\t\t<\/a>\n\t\t\t\t<\/h4>\n\t\t\t\n\t\t\t\t\t\t\t\t\t\t<div class=\"fusion-rollover-categories\"><a href=\"https:\/\/www.traslochiroger.it\/de\/category\/vendita-arredi-de\" rel=\"tag\">Vendita arredi DE<\/a><\/div>\t\t\t\t\t\n\t\t\n\t\t\t\t\t\t<a class=\"fusion-link-wrapper\" href=\"https:\/\/www.traslochiroger.it\/de\/wohnzimmer\" aria-label=\"Wohnzimmer\"><\/a>\n\t<\/div>\n<\/div>\n<\/div>\n<\/li>\n\t\t\t\n\t\t\t\n\t\t\t\t\t\t\t\t\t\t\t\t\t\t\t\t\t\t\t\t\t\t\t\t\t\t\t\t\t\t\t\t\t\t\t\t\t\t\t\t\t\t\t\t\t\t\t\t\t\t\t\t\t\t\t\t\t\t\t\t\t\t\t\t\t\t\t\t<\/ul>\n\t<\/div>\n\t<div class=\"fusion-post-content-wrapper\" style=\"padding:30px 25px 20px 25px;\"><div class=\"fusion-post-content post-content\"><h5 class=\"blog-shortcode-post-title entry-title\"><a href=\"https:\/\/www.traslochiroger.it\/de\/wohnzimmer\">Wohnzimmer<\/a><\/h5><div class=\"fusion-post-content-container\"><\/div><\/div><\/div><div class=\"fusion-clearfix\"><\/div><\/div>\n<\/article>\n<article id=\"blog-1-post-2562\" class=\"fusion-post-grid post-2562 post type-post status-publish format-standard has-post-thumbnail hentry category-vendita-arredi-de\">\n<div class=\"fusion-post-wrapper\" style=\"background-color:rgba(255,255,255,0);border:none;\">\n\n\t\t\t<div class=\"fusion-flexslider flexslider fusion-flexslider-loading fusion-post-slideshow\" style=\"border-color:rgba(235,234,234,0);\">\n\t\t<ul class=\"slides\">\n\t\t\t\n\t\t\t\t\t\t\t\t\t\t\t\t\t\t<li><div  class=\"fusion-image-wrapper\" aria-haspopup=\"true\">\n\t\t\t\t<img decoding=\"async\" width=\"2560\" height=\"1440\" src=\"https:\/\/www.traslochiroger.it\/wp-content\/uploads\/camera-da-letto-bolzano-letti-matrimoniali-cabine-armadio-moderne-merano-bressanone-laives-rogers-interior-design.jpg\" class=\"attachment-full size-full wp-post-image\" alt=\"\" srcset=\"https:\/\/www.traslochiroger.it\/wp-content\/uploads\/camera-da-letto-bolzano-letti-matrimoniali-cabine-armadio-moderne-merano-bressanone-laives-rogers-interior-design-200x113.jpg 200w, https:\/\/www.traslochiroger.it\/wp-content\/uploads\/camera-da-letto-bolzano-letti-matrimoniali-cabine-armadio-moderne-merano-bressanone-laives-rogers-interior-design-400x225.jpg 400w, https:\/\/www.traslochiroger.it\/wp-content\/uploads\/camera-da-letto-bolzano-letti-matrimoniali-cabine-armadio-moderne-merano-bressanone-laives-rogers-interior-design-600x338.jpg 600w, https:\/\/www.traslochiroger.it\/wp-content\/uploads\/camera-da-letto-bolzano-letti-matrimoniali-cabine-armadio-moderne-merano-bressanone-laives-rogers-interior-design-800x450.jpg 800w, https:\/\/www.traslochiroger.it\/wp-content\/uploads\/camera-da-letto-bolzano-letti-matrimoniali-cabine-armadio-moderne-merano-bressanone-laives-rogers-interior-design-1200x675.jpg 1200w, https:\/\/www.traslochiroger.it\/wp-content\/uploads\/camera-da-letto-bolzano-letti-matrimoniali-cabine-armadio-moderne-merano-bressanone-laives-rogers-interior-design.jpg 2560w\" sizes=\"(min-width: 2200px) 100vw, (min-width: 784px) 457px, (min-width: 712px) 685px, (min-width: 640px) 712px, \" \/><div class=\"fusion-rollover\">\n\t<div class=\"fusion-rollover-content\">\n\n\t\t\t\t\t\t\t\t\t\t\t\t\t\t<a class=\"fusion-rollover-link\" href=\"https:\/\/www.traslochiroger.it\/de\/schlafzimmer\">Schlafzimmer<\/a>\n\t\t\t\n\t\t\t\t\t\t\t\t\t\t\t\t\t\t\n\t\t\t\t\t\t\t\t\n\t\t\t\t\t\t\t\t\t\t\t\t\t<div class=\"fusion-rollover-sep\"><\/div>\n\t\t\t\t\n\t\t\t\t\t\t\t\t\t\t\t\t\t\t\t\t\t\t<a class=\"fusion-rollover-gallery\" href=\"https:\/\/www.traslochiroger.it\/wp-content\/uploads\/camera-da-letto-bolzano-letti-matrimoniali-cabine-armadio-moderne-merano-bressanone-laives-rogers-interior-design.jpg\" data-id=\"2562\" data-rel=\"iLightbox[gallery]\" data-title=\"camera-da-letto-bolzano-letti-matrimoniali-cabine-armadio-moderne-merano-bressanone-laives-rogers-interior-design\" data-caption=\"\">\n\t\t\t\t\t\tGallery\t\t\t\t\t<\/a>\n\t\t\t\t\t\t\t\t\t\t\t\t\t\t\n\t\t\n\t\t\t\t\t\t\t\t\t\t\t\t<h4 class=\"fusion-rollover-title\">\n\t\t\t\t\t<a class=\"fusion-rollover-title-link\" href=\"https:\/\/www.traslochiroger.it\/de\/schlafzimmer\">\n\t\t\t\t\t\tSchlafzimmer\t\t\t\t\t<\/a>\n\t\t\t\t<\/h4>\n\t\t\t\n\t\t\t\t\t\t\t\t\t\t<div class=\"fusion-rollover-categories\"><a href=\"https:\/\/www.traslochiroger.it\/de\/category\/vendita-arredi-de\" rel=\"tag\">Vendita arredi DE<\/a><\/div>\t\t\t\t\t\n\t\t\n\t\t\t\t\t\t<a class=\"fusion-link-wrapper\" href=\"https:\/\/www.traslochiroger.it\/de\/schlafzimmer\" aria-label=\"Schlafzimmer\"><\/a>\n\t<\/div>\n<\/div>\n<\/div>\n<\/li>\n\t\t\t\n\t\t\t\n\t\t\t\t\t\t\t\t\t\t\t\t\t\t\t\t\t\t\t\t\t\t\t\t\t\t\t\t\t\t\t\t\t\t\t\t\t\t\t\t\t\t\t\t\t\t\t\t\t\t\t\t\t\t\t\t\t\t\t\t\t\t\t\t\t\t\t\t<\/ul>\n\t<\/div>\n\t<div class=\"fusion-post-content-wrapper\" style=\"padding:30px 25px 20px 25px;\"><div class=\"fusion-post-content post-content\"><h5 class=\"blog-shortcode-post-title entry-title\"><a href=\"https:\/\/www.traslochiroger.it\/de\/schlafzimmer\">Schlafzimmer<\/a><\/h5><div class=\"fusion-post-content-container\"><\/div><\/div><\/div><div class=\"fusion-clearfix\"><\/div><\/div>\n<\/article>\n<article id=\"blog-1-post-2558\" class=\"fusion-post-grid post-2558 post type-post status-publish format-standard has-post-thumbnail hentry category-vendita-arredi-de\">\n<div class=\"fusion-post-wrapper\" style=\"background-color:rgba(255,255,255,0);border:none;\">\n\n\t\t\t<div class=\"fusion-flexslider flexslider fusion-flexslider-loading fusion-post-slideshow\" style=\"border-color:rgba(235,234,234,0);\">\n\t\t<ul class=\"slides\">\n\t\t\t\n\t\t\t\t\t\t\t\t\t\t\t\t\t\t<li><div  class=\"fusion-image-wrapper\" aria-haspopup=\"true\">\n\t\t\t\t<img decoding=\"async\" width=\"2560\" height=\"1440\" src=\"https:\/\/www.traslochiroger.it\/wp-content\/uploads\/arredamento-per-bagni-moderni-bolzano-specchi-per-bagni-merano-bressanone-laives-rogers-interior-design.jpg\" class=\"attachment-full size-full wp-post-image\" alt=\"\" srcset=\"https:\/\/www.traslochiroger.it\/wp-content\/uploads\/arredamento-per-bagni-moderni-bolzano-specchi-per-bagni-merano-bressanone-laives-rogers-interior-design-200x113.jpg 200w, https:\/\/www.traslochiroger.it\/wp-content\/uploads\/arredamento-per-bagni-moderni-bolzano-specchi-per-bagni-merano-bressanone-laives-rogers-interior-design-400x225.jpg 400w, https:\/\/www.traslochiroger.it\/wp-content\/uploads\/arredamento-per-bagni-moderni-bolzano-specchi-per-bagni-merano-bressanone-laives-rogers-interior-design-600x338.jpg 600w, https:\/\/www.traslochiroger.it\/wp-content\/uploads\/arredamento-per-bagni-moderni-bolzano-specchi-per-bagni-merano-bressanone-laives-rogers-interior-design-800x450.jpg 800w, https:\/\/www.traslochiroger.it\/wp-content\/uploads\/arredamento-per-bagni-moderni-bolzano-specchi-per-bagni-merano-bressanone-laives-rogers-interior-design-1200x675.jpg 1200w, https:\/\/www.traslochiroger.it\/wp-content\/uploads\/arredamento-per-bagni-moderni-bolzano-specchi-per-bagni-merano-bressanone-laives-rogers-interior-design.jpg 2560w\" sizes=\"(min-width: 2200px) 100vw, (min-width: 784px) 457px, (min-width: 712px) 685px, (min-width: 640px) 712px, \" \/><div class=\"fusion-rollover\">\n\t<div class=\"fusion-rollover-content\">\n\n\t\t\t\t\t\t\t\t\t\t\t\t\t\t<a class=\"fusion-rollover-link\" href=\"https:\/\/www.traslochiroger.it\/de\/baeder\">B\u00e4der<\/a>\n\t\t\t\n\t\t\t\t\t\t\t\t\t\t\t\t\t\t\n\t\t\t\t\t\t\t\t\n\t\t\t\t\t\t\t\t\t\t\t\t\t<div class=\"fusion-rollover-sep\"><\/div>\n\t\t\t\t\n\t\t\t\t\t\t\t\t\t\t\t\t\t\t\t\t\t\t<a class=\"fusion-rollover-gallery\" href=\"https:\/\/www.traslochiroger.it\/wp-content\/uploads\/arredamento-per-bagni-moderni-bolzano-specchi-per-bagni-merano-bressanone-laives-rogers-interior-design.jpg\" data-id=\"2558\" data-rel=\"iLightbox[gallery]\" data-title=\"arredamento-per-bagni-moderni-bolzano-specchi-per-bagni-merano-bressanone-laives-rogers-interior-design\" data-caption=\"\">\n\t\t\t\t\t\tGallery\t\t\t\t\t<\/a>\n\t\t\t\t\t\t\t\t\t\t\t\t\t\t\n\t\t\n\t\t\t\t\t\t\t\t\t\t\t\t<h4 class=\"fusion-rollover-title\">\n\t\t\t\t\t<a class=\"fusion-rollover-title-link\" href=\"https:\/\/www.traslochiroger.it\/de\/baeder\">\n\t\t\t\t\t\tB\u00e4der\t\t\t\t\t<\/a>\n\t\t\t\t<\/h4>\n\t\t\t\n\t\t\t\t\t\t\t\t\t\t<div class=\"fusion-rollover-categories\"><a href=\"https:\/\/www.traslochiroger.it\/de\/category\/vendita-arredi-de\" rel=\"tag\">Vendita arredi DE<\/a><\/div>\t\t\t\t\t\n\t\t\n\t\t\t\t\t\t<a class=\"fusion-link-wrapper\" href=\"https:\/\/www.traslochiroger.it\/de\/baeder\" aria-label=\"B\u00e4der\"><\/a>\n\t<\/div>\n<\/div>\n<\/div>\n<\/li>\n\t\t\t\n\t\t\t\n\t\t\t\t\t\t\t\t\t\t\t\t\t\t\t\t\t\t\t\t\t\t\t\t\t\t\t\t\t\t\t\t\t\t\t\t\t\t\t\t\t\t\t\t\t\t\t\t\t\t\t\t\t\t\t\t\t\t\t\t\t\t\t\t\t\t\t\t<\/ul>\n\t<\/div>\n\t<div class=\"fusion-post-content-wrapper\" style=\"padding:30px 25px 20px 25px;\"><div class=\"fusion-post-content post-content\"><h5 class=\"blog-shortcode-post-title entry-title\"><a href=\"https:\/\/www.traslochiroger.it\/de\/baeder\">B\u00e4der<\/a><\/h5><div class=\"fusion-post-content-container\"><\/div><\/div><\/div><div class=\"fusion-clearfix\"><\/div><\/div>\n<\/article>\n<div class=\"fusion-clearfix\"><\/div><\/div><\/div><\/div><\/div><\/div><\/div><\/p>\n","protected":false},"excerpt":{"rendered":"","protected":false},"author":2,"featured_media":0,"parent":0,"menu_order":0,"comment_status":"closed","ping_status":"closed","template":"","meta":{"footnotes":""},"class_list":["post-2631","page","type-page","status-publish","hentry"],"yoast_head":"<!-- This site is optimized with the Yoast SEO plugin v25.4 - https:\/\/yoast.com\/wordpress\/plugins\/seo\/ -->\n<title>Traslochi Roger&#039;s<\/title>\n<meta name=\"robots\" content=\"noindex, follow\" \/>\n<meta property=\"og:locale\" content=\"de_DE\" \/>\n<meta property=\"og:type\" content=\"article\" \/>\n<meta property=\"og:title\" content=\"Traslochi Roger&#039;s\" \/>\n<meta property=\"og:url\" content=\"https:\/\/www.traslochiroger.it\/de\/interior-service\" \/>\n<meta property=\"og:site_name\" content=\"Traslochi Roger&#039;s\" \/>\n<meta property=\"article:modified_time\" content=\"2025-01-22T16:50:28+00:00\" \/>\n<meta name=\"twitter:card\" content=\"summary_large_image\" \/>\n<meta name=\"twitter:label1\" content=\"Gesch\u00e4tzte Lesezeit\" \/>\n\t<meta name=\"twitter:data1\" content=\"2 minutes\" \/>\n<script type=\"application\/ld+json\" class=\"yoast-schema-graph\">{\"@context\":\"https:\/\/schema.org\",\"@graph\":[{\"@type\":\"WebPage\",\"@id\":\"https:\/\/www.traslochiroger.it\/de\/interior-service\",\"url\":\"https:\/\/www.traslochiroger.it\/de\/interior-service\",\"name\":\"Traslochi Roger&#039;s\",\"isPartOf\":{\"@id\":\"https:\/\/www.traslochiroger.it\/#website\"},\"datePublished\":\"2025-01-21T08:26:16+00:00\",\"dateModified\":\"2025-01-22T16:50:28+00:00\",\"breadcrumb\":{\"@id\":\"https:\/\/www.traslochiroger.it\/de\/interior-service#breadcrumb\"},\"inLanguage\":\"de-DE\",\"potentialAction\":[{\"@type\":\"ReadAction\",\"target\":[\"https:\/\/www.traslochiroger.it\/de\/interior-service\"]}]},{\"@type\":\"BreadcrumbList\",\"@id\":\"https:\/\/www.traslochiroger.it\/de\/interior-service#breadcrumb\",\"itemListElement\":[{\"@type\":\"ListItem\",\"position\":1,\"name\":\"Home\",\"item\":\"https:\/\/www.traslochiroger.it\/de\"},{\"@type\":\"ListItem\",\"position\":2,\"name\":\"Interior-Service\"}]},{\"@type\":\"WebSite\",\"@id\":\"https:\/\/www.traslochiroger.it\/#website\",\"url\":\"https:\/\/www.traslochiroger.it\/\",\"name\":\"Traslochi Roger&#039;s\",\"description\":\"\",\"potentialAction\":[{\"@type\":\"SearchAction\",\"target\":{\"@type\":\"EntryPoint\",\"urlTemplate\":\"https:\/\/www.traslochiroger.it\/?s={search_term_string}\"},\"query-input\":{\"@type\":\"PropertyValueSpecification\",\"valueRequired\":true,\"valueName\":\"search_term_string\"}}],\"inLanguage\":\"de-DE\"}]}<\/script>\n<!-- \/ Yoast SEO plugin. -->","yoast_head_json":{"title":"Traslochi Roger&#039;s","robots":{"index":"noindex","follow":"follow"},"og_locale":"de_DE","og_type":"article","og_title":"Traslochi Roger&#039;s","og_url":"https:\/\/www.traslochiroger.it\/de\/interior-service","og_site_name":"Traslochi Roger&#039;s","article_modified_time":"2025-01-22T16:50:28+00:00","twitter_card":"summary_large_image","twitter_misc":{"Gesch\u00e4tzte Lesezeit":"2 minutes"},"schema":{"@context":"https:\/\/schema.org","@graph":[{"@type":"WebPage","@id":"https:\/\/www.traslochiroger.it\/de\/interior-service","url":"https:\/\/www.traslochiroger.it\/de\/interior-service","name":"Traslochi Roger&#039;s","isPartOf":{"@id":"https:\/\/www.traslochiroger.it\/#website"},"datePublished":"2025-01-21T08:26:16+00:00","dateModified":"2025-01-22T16:50:28+00:00","breadcrumb":{"@id":"https:\/\/www.traslochiroger.it\/de\/interior-service#breadcrumb"},"inLanguage":"de-DE","potentialAction":[{"@type":"ReadAction","target":["https:\/\/www.traslochiroger.it\/de\/interior-service"]}]},{"@type":"BreadcrumbList","@id":"https:\/\/www.traslochiroger.it\/de\/interior-service#breadcrumb","itemListElement":[{"@type":"ListItem","position":1,"name":"Home","item":"https:\/\/www.traslochiroger.it\/de"},{"@type":"ListItem","position":2,"name":"Interior-Service"}]},{"@type":"WebSite","@id":"https:\/\/www.traslochiroger.it\/#website","url":"https:\/\/www.traslochiroger.it\/","name":"Traslochi Roger&#039;s","description":"","potentialAction":[{"@type":"SearchAction","target":{"@type":"EntryPoint","urlTemplate":"https:\/\/www.traslochiroger.it\/?s={search_term_string}"},"query-input":{"@type":"PropertyValueSpecification","valueRequired":true,"valueName":"search_term_string"}}],"inLanguage":"de-DE"}]}},"_links":{"self":[{"href":"https:\/\/www.traslochiroger.it\/de\/wp-json\/wp\/v2\/pages\/2631","targetHints":{"allow":["GET"]}}],"collection":[{"href":"https:\/\/www.traslochiroger.it\/de\/wp-json\/wp\/v2\/pages"}],"about":[{"href":"https:\/\/www.traslochiroger.it\/de\/wp-json\/wp\/v2\/types\/page"}],"author":[{"embeddable":true,"href":"https:\/\/www.traslochiroger.it\/de\/wp-json\/wp\/v2\/users\/2"}],"replies":[{"embeddable":true,"href":"https:\/\/www.traslochiroger.it\/de\/wp-json\/wp\/v2\/comments?post=2631"}],"version-history":[{"count":3,"href":"https:\/\/www.traslochiroger.it\/de\/wp-json\/wp\/v2\/pages\/2631\/revisions"}],"predecessor-version":[{"id":2674,"href":"https:\/\/www.traslochiroger.it\/de\/wp-json\/wp\/v2\/pages\/2631\/revisions\/2674"}],"wp:attachment":[{"href":"https:\/\/www.traslochiroger.it\/de\/wp-json\/wp\/v2\/media?parent=2631"}],"curies":[{"name":"wp","href":"https:\/\/api.w.org\/{rel}","templated":true}]}}